{"id":24,"date":"2023-02-12T18:57:11","date_gmt":"2023-02-12T17:57:11","guid":{"rendered":"https:\/\/kviz.zahadamysle.sk\/?page_id=24"},"modified":"2023-02-15T18:53:36","modified_gmt":"2023-02-15T17:53:36","slug":"quiz-page","status":"publish","type":"page","link":"https:\/\/kviz.zahadamysle.sk\/","title":{"rendered":"Quiz"},"content":{"rendered":"\t\t<div data-elementor-type=\"wp-page\" data-elementor-id=\"24\" class=\"elementor elementor-24\">\n\t\t\t\t\t\t\t\t\t<section class=\"elementor-section elementor-top-section elementor-element elementor-element-8fabd26 elementor-section-boxed elementor-section-height-default elementor-section-height-default\" data-id=\"8fabd26\" data-element_type=\"section\">\n\t\t\t\t\t\t<div class=\"elementor-container elementor-column-gap-default\">\n\t\t\t\t\t<div class=\"elementor-column elementor-col-100 elementor-top-column elementor-element elementor-element-497dd26\" data-id=\"497dd26\" data-element_type=\"column\">\n\t\t\t<div class=\"elementor-widget-wrap elementor-element-populated\">\n\t\t\t\t\t\t\t\t<div class=\"elementor-element elementor-element-b02ac71 elementor-widget elementor-widget-html\" data-id=\"b02ac71\" data-element_type=\"widget\" data-widget_type=\"html.default\">\n\t\t\t\t<div class=\"elementor-widget-container\">\n\t\t\t<html>\r\n<style>\r\n  * {\r\n    font-family: Helvetica, sans-serif !important;\r\n  }\r\n\r\n  .btn {\r\n    margin-top: 2em;\r\n    align-self: center;\r\n    padding: 0.7em;\r\n    padding-left: 1.5em;\r\n    padding-right: 1.5em;\r\n    border-radius: 10px;\r\n    border-color: #12B600;\r\n    \/* border: none; *\/\r\n    color: black;\r\n    transition: 0.4s ease-in-out;\r\n    box-shadow: rgba(0, 0, 0, 0.4) 1px 1px 1px;\r\n  }\r\n\r\n  .btn:hover {\r\n    box-shadow: 6px 6px 0px #969696, -3px -3px 10px #ffffff;\r\n    transform: translateX(-0.5em) translateY(-0.5em);\r\n    background-color: #12B600;\r\n    color: #ffffff;\r\n  }\r\n\r\n  .btn:active {\r\n    transition: 0.2s;\r\n    transform: translateX(0em) translateY(0em);\r\n    box-shadow: none;\r\n  }\r\n\r\n  h1,\r\n  h2,\r\n  h3 {\r\n    text-align: center;\r\n    \/* font-weight: bolder; *\/\r\n  }\r\n\r\n  #resultDiv {\r\n    display: none;\r\n    \r\n  }\r\n\r\n  .textLeft {\r\n    text-align: left;\r\n  }\r\n\r\n  #result,\r\n  #resultDiv {\r\n    width: 90%;\r\n    text-align: center;\r\n    margin: 0 auto;\r\n  }\r\n\r\n  #resultDiv {\r\n    \/* margin-top: 5rem; *\/\r\n    position: absolute;\r\n    bottom: 0;\r\n    left: 50%;\r\n    transform: translateX(-50%);\r\n\r\n  }\r\n<\/style>\r\n\r\n<body>\r\n  <div id=\"form\">\r\n    <h1>Ko\u013eko toho viete o svojich em\u00f3ci\u00e1ch a mysli?<\/h1>\r\n    <h3>Otestujte sa!<\/h3>\r\n    <h4 class=\"textLeft\">ot\u00e1zka: \u010co s\u00fa em\u00f3cie a odkia\u013e poch\u00e1dzaj\u00fa? Za\u0161krtnite v\u0161etky odpovede, ktor\u00e9 pova\u017eujete za\r\n      spr\u00e1vne.\r\n\r\n    <\/h4>\r\n    <br \/>\r\n    <div>\r\n      <label class=\"cl-checkbox\">\r\n        <input type=\"checkbox\" id=\"c1\" name=\"c1\" value=\"1\" \/>\r\n        <span>\r\n          Em\u00f3cie s\u00fa zalo\u017een\u00e9 na ch\u00e9mii v mojom mozgu.\r\n        <\/span>\r\n      <\/label>\r\n    <\/div>\r\n    <br \/>\r\n    <div>\r\n      <label class=\"cl-checkbox\">\r\n        <input type=\"checkbox\" id=\"c2\" name=\"c2\" value=\"1\" \/>\r\n        <span>\r\n          Em\u00f3cie navz\u00e1jom s\u00favisia, \u010d\u00edm tvoria \u0161k\u00e1lu vy\u0161\u0161\u00edch a ni\u017e\u0161\u00edch em\u00f3ci\u00ed.\r\n        <\/span>\r\n      <\/label>\r\n    <\/div>\r\n    <br \/>\r\n    <div>\r\n      <label class=\"cl-checkbox\">\r\n        <input type=\"checkbox\" id=\"c3\" name=\"c3\" value=\"1\" \/>\r\n        <span>\r\n          Bolestiv\u00e9 udalosti z minulosti n\u00e1m m\u00f4\u017eu nevedomky vn\u00fati\u0165 em\u00f3cie.\r\n        <\/span>\r\n      <\/label>\r\n    <\/div>\r\n    <br \/>\r\n    <div>\r\n      <label class=\"cl-checkbox\">\r\n        <input type=\"checkbox\" id=\"c4\" name=\"c4\" value=\"1\" \/>\r\n        <span>\r\n          Znepokojuj\u00face em\u00f3cie poch\u00e1dzaj\u00fa zo zmeny po\u010dasia.\r\n        <\/span>\r\n      <\/label>\r\n    <\/div>\r\n    <br \/>\r\n    <div>\r\n      <label class=\"cl-checkbox\">\r\n        <input type=\"checkbox\" id=\"c5\" name=\"c5\" value=\"1\" \/>\r\n        <span>Em\u00f3cie zohr\u00e1vaj\u00fa \u00falohu pri premene my\u0161lienok na \u010diny.\r\n        <\/span>\r\n      <\/label>\r\n    <\/div>\r\n    <br \/>\r\n    <div>\r\n      <label class=\"cl-checkbox\">\r\n        <input type=\"checkbox\" id=\"c6\" name=\"c6\" value=\"1\" \/>\r\n        <span>\r\n          Ke\u010f\u017ee em\u00f3cie prich\u00e1dzaj\u00fa automaticky, nem\u00f4\u017eeme s nimi ni\u010d robi\u0165.\r\n        <\/span>\r\n      <\/label>\r\n    <\/div>\r\n    <br>\r\n    <div style=\"text-align: center;\">\r\n\r\n      <button class=\"btn\" onclick=\"checkCheckbox()\">\r\n        Zobrazi\u0165 v\u00fdsledky testu<\/button>\r\n    <\/div>\r\n  <\/div>\r\n  <div id=\"resultDiv\">\r\n    <h2 id=\"result\"><\/h2>\r\n    <p id=\"rs\"><\/p>\r\n    <h3 style=\"text-align: center; margin-top: 2rem;\">Vi\u010f ni\u017e\u0161ie, a zistite, ako sa m\u00f4\u017eete dozvedie\u0165 viac  <br> \r\n      \ud83d\udc47\ud83d\udc47\ud83d\udc47<\/h3>\r\n  <\/div>\r\n  <script>\r\n    function checkCheckbox() {\r\n      let c1 = document.getElementById(\"c1\");\r\n      let c2 = document.getElementById(\"c2\");\r\n      let c3 = document.getElementById(\"c3\");\r\n      let c4 = document.getElementById(\"c4\");\r\n      let c5 = document.getElementById(\"c5\");\r\n      let c6 = document.getElementById(\"c6\");\r\n      let score = 0;\r\n      document.getElementById(\"resultDiv\").style.display = \"block\";\r\n      document.getElementById(\"form\").style.display = \"none\";\r\n\r\n      \/\/   Check 1\r\n\r\n      \/\/ check 2\r\n      if (c2.checked == true) {\r\n        score = score + 1;\r\n        console.log(\"C2 : \" + score);\r\n      }\r\n\r\n      \/\/   check 3\r\n      if (c3.checked == true) {\r\n        score = score + 1;\r\n        console.log(\"C3 : \" + score);\r\n      }\r\n      \/\/   check 4\r\n\r\n\r\n      \/\/   check 5\r\n      if (c5.checked == true) {\r\n        score = score + 1;\r\n        console.log(\"C5 : \" + score);\r\n      }\r\n\r\n      if (c1.checked == true && c2.checked == true && c3.checked == true && c4.checked == true && c5.checked == true && c6.checked == true) {\r\n        score = 4;\r\n        console.log(\"C5 : \" + score);\r\n      }\r\n      \/\/   check 6\r\n\r\n      console.log(score);\r\n\r\n      if (score == -6) {\r\n        document.getElementById(\"result\").innerHTML = \"Your Score is: 0%\";\r\n        document.getElementById(\"rs\").innerHTML =\r\n          \"Hmmm. Ale je tu n\u00e1dej. Mo\u017eno ste pr\u00edli\u0161 ovplyvnen\u00ed ostatn\u00fdmi a never\u00edte si tak, ako by ste mali. Ak by ste mali mo\u017enos\u0165 z\u00edska\u0165 stabiln\u00e9 poznatky o sebe a mysli, my\u0161lienkach a em\u00f3ci\u00e1ch, mohli by ste toho pre seba ve\u013ea z\u00edska\u0165.\";\r\n      } else if (score == -5) {\r\n        document.getElementById(\"result\").innerHTML = \"Your Score is: 8%\";\r\n        document.getElementById(\"rs\").innerHTML =\r\n          \"Hmmm. Ale je tu n\u00e1dej. Mo\u017eno ste pr\u00edli\u0161 ovplyvnen\u00ed ostatn\u00fdmi a never\u00edte si tak, ako by ste mali. Ak by ste mali mo\u017enos\u0165 z\u00edska\u0165 stabiln\u00e9 poznatky o sebe a mysli, my\u0161lienkach a em\u00f3ci\u00e1ch, mohli by ste toho pre seba ve\u013ea z\u00edska\u0165.\";\r\n      } else if (score == -4) {\r\n        document.getElementById(\"result\").innerHTML = \"Your Score is: 17%\";\r\n        document.getElementById(\"rs\").innerHTML =\r\n          \"Hmmm. Ale je tu n\u00e1dej. Mo\u017eno ste pr\u00edli\u0161 ovplyvnen\u00ed ostatn\u00fdmi a never\u00edte si tak, ako by ste mali. Ak by ste mali mo\u017enos\u0165 z\u00edska\u0165 stabiln\u00e9 poznatky o sebe a mysli, my\u0161lienkach a em\u00f3ci\u00e1ch, mohli by ste toho pre seba ve\u013ea z\u00edska\u0165.\";\r\n      } else if (score == -3) {\r\n        document.getElementById(\"result\").innerHTML = \"Your Score is: 25%\";\r\n        document.getElementById(\"rs\").innerHTML =\r\n          \"Hmmm. Ale je tu n\u00e1dej. Mo\u017eno ste pr\u00edli\u0161 ovplyvnen\u00ed ostatn\u00fdmi a never\u00edte si tak, ako by ste mali. Ak by ste mali mo\u017enos\u0165 z\u00edska\u0165 stabiln\u00e9 poznatky o sebe a mysli, my\u0161lienkach a em\u00f3ci\u00e1ch, mohli by ste toho pre seba ve\u013ea z\u00edska\u0165.\";\r\n      } else if (score == -2) {\r\n        document.getElementById(\"result\").innerHTML = \"Your Score is: 33%\";\r\n        document.getElementById(\"rs\").innerHTML =\r\n          \"Hmmm. Ale je tu n\u00e1dej. Mo\u017eno ste pr\u00edli\u0161 ovplyvnen\u00ed ostatn\u00fdmi a never\u00edte si tak, ako by ste mali. Ak by ste mali mo\u017enos\u0165 z\u00edska\u0165 stabiln\u00e9 poznatky o sebe a mysli, my\u0161lienkach a em\u00f3ci\u00e1ch, mohli by ste toho pre seba ve\u013ea z\u00edska\u0165.\";\r\n      } else if (score == -1) {\r\n        document.getElementById(\"result\").innerHTML = \"Your Score is: 42%\";\r\n        document.getElementById(\"rs\").innerHTML =\r\n          \"Nebolo to zl\u00e9. Do ur\u010ditej miery m\u00e1te pravdu. \u010co to znamen\u00e1? Znamen\u00e1 to, \u017ee o sebe nie\u010do viete, ale je toho ove\u013ea viac, \u010do by ste mali vedie\u0165. Predstavte si, \u017ee by ste mohli \u00faplne pochopi\u0165, \u010do sa deje v mysli, s my\u0161lienkami a em\u00f3ciami a o ko\u013eko lep\u0161\u00ed by mohol by\u0165 v\u00e1\u0161 \u017eivot.\";\r\n      } else if (score == 0) {\r\n        document.getElementById(\"result\").innerHTML = \"Your Score is: 0%\";\r\n        document.getElementById(\"rs\").innerHTML =\r\n          \"Hmmm. Ale je tu n\u00e1dej. Mo\u017eno ste pr\u00edli\u0161 ovplyvnen\u00ed ostatn\u00fdmi a never\u00edte si tak, ako by ste mali. Ak by ste mali mo\u017enos\u0165 z\u00edska\u0165 stabiln\u00e9 poznatky o sebe a mysli, my\u0161lienkach a em\u00f3ci\u00e1ch, mohli by ste toho pre seba ve\u013ea z\u00edska\u0165.\";\r\n      } else if (score == 1) {\r\n        document.getElementById(\"result\").innerHTML = \"Your Score is: 33%\";\r\n        document.getElementById(\"rs\").innerHTML =\r\n          \"Hmmm. Ale je tu n\u00e1dej. Mo\u017eno ste pr\u00edli\u0161 ovplyvnen\u00ed ostatn\u00fdmi a never\u00edte si tak, ako by ste mali. Ak by ste mali mo\u017enos\u0165 z\u00edska\u0165 stabiln\u00e9 poznatky o sebe a mysli, my\u0161lienkach a em\u00f3ci\u00e1ch, mohli by ste toho pre seba ve\u013ea z\u00edska\u0165.\";\r\n      } else if (score == 2) {\r\n        document.getElementById(\"result\").innerHTML = \"Your Score is: 67%\";\r\n        document.getElementById(\"rs\").innerHTML =\r\n          \"Nebolo to zl\u00e9. Do ur\u010ditej miery m\u00e1te pravdu. \u010co to znamen\u00e1? Znamen\u00e1 to, \u017ee o sebe nie\u010do viete, ale je toho ove\u013ea viac, \u010do by ste mali vedie\u0165. Predstavte si, \u017ee by ste mohli \u00faplne pochopi\u0165, \u010do sa deje v mysli, s my\u0161lienkami a em\u00f3ciami a o ko\u013eko lep\u0161\u00ed by mohol by\u0165 v\u00e1\u0161 \u017eivot.\";\r\n      } else if (score == 3) {\r\n        document.getElementById(\"result\").innerHTML = \"Your Score is: 100%\";\r\n        document.getElementById(\"rs\").innerHTML =\r\n          \"\u00da\u017easn\u00e9! Trefa! M\u00e1te dobr\u00fd zmysel pre to, \u010do je pravda alebo nie. Predstavte si, \u017ee by ste boli schopn\u00fd plne pochopi\u0165, \u010do sa deje v mysli s my\u0161lienkami a em\u00f3ciami, a ako mocn\u00fd (a \u0161\u0165astn\u00fd) by ste mohli by\u0165.\";\r\n      } else if (score == 4) {\r\n        document.getElementById(\"result\").innerHTML = \"Your Score is: 50%\";\r\n        document.getElementById(\"rs\").innerHTML =\r\n          \"Nebolo to zl\u00e9. Do ur\u010ditej miery m\u00e1te pravdu. \u010co to znamen\u00e1? Znamen\u00e1 to, \u017ee o sebe nie\u010do viete, ale je toho ove\u013ea viac, \u010do by ste mali vedie\u0165. Predstavte si, \u017ee by ste mohli \u00faplne pochopi\u0165, \u010do sa deje v mysli, s my\u0161lienkami a em\u00f3ciami a o ko\u013eko lep\u0161\u00ed by mohol by\u0165 v\u00e1\u0161 \u017eivot.\";\r\n      } else if (score == 5) {\r\n        document.getElementById(\"result\").innerHTML = \"Your Score is: 83%\";\r\n        document.getElementById(\"rs\").innerHTML =\r\n          \"\u00da\u017easn\u00e9! Trefa! M\u00e1te dobr\u00fd zmysel pre to, \u010do je pravda alebo nie. Predstavte si, \u017ee by ste boli schopn\u00fd plne pochopi\u0165, \u010do sa deje v mysli s my\u0161lienkami a em\u00f3ciami, a ako mocn\u00fd (a \u0161\u0165astn\u00fd) by ste mohli by\u0165.\";\r\n      } else if (score == 6) {\r\n        document.getElementById(\"result\").innerHTML = \"Your Score is: 100%\";\r\n        document.getElementById(\"rs\").innerHTML =\r\n          \"\u00da\u017easn\u00e9! Trefa! M\u00e1te dobr\u00fd zmysel pre to, \u010do je pravda alebo nie. Predstavte si, \u017ee by ste boli schopn\u00fd plne pochopi\u0165, \u010do sa deje v mysli s my\u0161lienkami a em\u00f3ciami, a ako mocn\u00fd (a \u0161\u0165astn\u00fd) by ste mohli by\u0165.\";\r\n      } else {\r\n        console.log(\"Error\");\r\n      }\r\n    }\r\n\r\n\r\n\r\n      \/\/ Text Slider JS\r\n  <\/script>\r\n<\/body>\r\n\r\n<\/html>\t\t<\/div>\n\t\t\t\t<\/div>\n\t\t\t\t\t<\/div>\n\t\t<\/div>\n\t\t\t\t\t\t\t<\/div>\n\t\t<\/section>\n\t\t\t\t\t\t\t<\/div>\n\t\t","protected":false},"excerpt":{"rendered":"<p>Ko\u013eko toho viete o svojich em\u00f3ci\u00e1ch a mysli? Otestujte sa! ot\u00e1zka: \u010co s\u00fa em\u00f3cie a odkia\u013e poch\u00e1dzaj\u00fa? Za\u0161krtnite v\u0161etky odpovede, ktor\u00e9 pova\u017eujete za spr\u00e1vne. Em\u00f3cie s\u00fa zalo\u017een\u00e9 na ch\u00e9mii v mojom mozgu. Em\u00f3cie navz\u00e1jom s\u00favisia, \u010d\u00edm tvoria \u0161k\u00e1lu vy\u0161\u0161\u00edch a ni\u017e\u0161\u00edch em\u00f3ci\u00ed. Bolestiv\u00e9 udalosti z minulosti n\u00e1m m\u00f4\u017eu nevedomky vn\u00fati\u0165 em\u00f3cie. Znepokojuj\u00face em\u00f3cie poch\u00e1dzaj\u00fa zo [&hellip;]<\/p>\n","protected":false},"author":1,"featured_media":0,"parent":0,"menu_order":0,"comment_status":"closed","ping_status":"closed","template":"elementor_header_footer","meta":[],"_links":{"self":[{"href":"https:\/\/kviz.zahadamysle.sk\/index.php?rest_route=\/wp\/v2\/pages\/24"}],"collection":[{"href":"https:\/\/kviz.zahadamysle.sk\/index.php?rest_route=\/wp\/v2\/pages"}],"about":[{"href":"https:\/\/kviz.zahadamysle.sk\/index.php?rest_route=\/wp\/v2\/types\/page"}],"author":[{"embeddable":true,"href":"https:\/\/kviz.zahadamysle.sk\/index.php?rest_route=\/wp\/v2\/users\/1"}],"replies":[{"embeddable":true,"href":"https:\/\/kviz.zahadamysle.sk\/index.php?rest_route=%2Fwp%2Fv2%2Fcomments&post=24"}],"version-history":[{"count":6,"href":"https:\/\/kviz.zahadamysle.sk\/index.php?rest_route=\/wp\/v2\/pages\/24\/revisions"}],"predecessor-version":[{"id":341,"href":"https:\/\/kviz.zahadamysle.sk\/index.php?rest_route=\/wp\/v2\/pages\/24\/revisions\/341"}],"wp:attachment":[{"href":"https:\/\/kviz.zahadamysle.sk\/index.php?rest_route=%2Fwp%2Fv2%2Fmedia&parent=24"}],"curies":[{"name":"wp","href":"https:\/\/api.w.org\/{rel}","templated":true}]}}